{"id":2840,"date":"2018-07-31T21:01:33","date_gmt":"2018-07-31T19:01:33","guid":{"rendered":"http:\/\/www.gospelinspiration.de\/?page_id=2840"},"modified":"2018-07-31T21:05:52","modified_gmt":"2018-07-31T19:05:52","slug":"datenschutzerklaerung","status":"publish","type":"page","link":"https:\/\/www.gospelinspiration.de\/?page_id=2840","title":{"rendered":"Datenschutzerkl\u00e4rung"},"content":{"rendered":"<h2>Wer wir sind<\/h2>\n<p>Gospelchor der\u00a0evangelischen Kirchengemeinde<\/p>\n<p>Sankt Augustin Niederpleis und M\u00fclldorf<br \/>\nSchulstrasse 57<br \/>\n53757 Sankt Augustin<\/p>\n<p>Die Adresse unserer Website ist: https:\/\/www.Gospelinspiration.de<\/p>\n<p>Wir unterliegen als Chor der evangelischen Kirchengemeinde dem Datenschutzgesetz der EKD (DSG-EKD).<\/p>\n<h2>Welche personenbezogenen Daten wir sammeln und warum wir sie sammeln<\/h2>\n<h3>Kommentare<\/h3>\n<p>Kommentare sind bei uns nicht m\u00f6glich.<\/p>\n<h3>Medien<\/h3>\n<p>Die Bilder auf unseren Seiten sind \u2013 soweit nicht anders angegeben \u2013 eigene.<\/p>\n<h3>Cookies<\/h3>\n<p>Wir verwenden keine Cookies.<\/p>\n<h3>Eingebettete Inhalte von anderen Websites<\/h3>\n<p>Beitr\u00e4ge auf dieser Website k\u00f6nnen eingebettete Inhalte beinhalten (z.\u00a0B. Videos, Bilder, Beitr\u00e4ge etc.). Eingebettete Inhalte von anderen Websites verhalten sich exakt so, als ob der Besucher die andere Website besucht h\u00e4tte.<\/p>\n<p>Diese Websites k\u00f6nnen Daten \u00fcber dich sammeln, Cookies benutzen, zus\u00e4tzliche Tracking-Dienste von Dritten einbetten und deine Interaktion mit diesem eingebetteten Inhalt aufzeichnen, inklusive deiner Interaktion mit dem eingebetteten Inhalt, falls du ein Konto hast und auf dieser Website angemeldet bist.<\/p>\n<h3>Analysedienste<\/h3>\n<p>Wir verwenden keine Analysedienste. Wir speichern keine Log-Files.<br \/>\nWir speichern IP-Adressen von Anmeldungen auf unserer Webseite, wenn die Kombination Nutzername\/Passwort nicht korrekt ist. Nach drei erfolglosen Anmeldeversuchen werden die dazugeh\u00f6rigen IP-Adressen f\u00fcr die Anmeldung gesperrt. Die Speicherung dieser IP-Adressen erfolgt ausschlie\u00dflich zu dem Zweck, b\u00f6sartige Nutzer\/Bots auszusperren, die versuchen, in unser IT-System einzudringen.<\/p>\n<h2>Deine Kontakt-Informationen<\/h2>\n<p>Webmaster: Andree Mursch (<a href=\"https:\/\/www.gospelinspiration.de\/Andree.Mursch@gmx.de\">E-Mail<\/a>)<\/p>\n","protected":false},"excerpt":{"rendered":"<p>Wer wir sind Gospelchor der\u00a0evangelischen Kirchengemeinde Sankt Augustin Niederpleis und M\u00fclldorf Schulstrasse 57 53757 Sankt Augustin Die Adresse unserer Website ist: https:\/\/www.Gospelinspiration.de Wir unterliegen als Chor der evangelischen Kirchengemeinde dem Datenschutzgesetz der EKD (DSG-EKD). Welche personenbezogenen Daten wir sammeln und &hellip; <a href=\"https:\/\/www.gospelinspiration.de\/?page_id=2840\">Weiterlesen <span class=\"meta-nav\">&rarr;<\/span><\/a><\/p>\n","protected":false},"author":2,"featured_media":0,"parent":0,"menu_order":9,"comment_status":"closed","ping_status":"closed","template":"","meta":{"footnotes":""},"class_list":["post-2840","page","type-page","status-publish","hentry"],"_links":{"self":[{"href":"https:\/\/www.gospelinspiration.de\/index.php?rest_route=\/wp\/v2\/pages\/2840","targetHints":{"allow":["GET"]}}],"collection":[{"href":"https:\/\/www.gospelinspiration.de\/index.php?rest_route=\/wp\/v2\/pages"}],"about":[{"href":"https:\/\/www.gospelinspiration.de\/index.php?rest_route=\/wp\/v2\/types\/page"}],"author":[{"embeddable":true,"href":"https:\/\/www.gospelinspiration.de\/index.php?rest_route=\/wp\/v2\/users\/2"}],"replies":[{"embeddable":true,"href":"https:\/\/www.gospelinspiration.de\/index.php?rest_route=%2Fwp%2Fv2%2Fcomments&post=2840"}],"version-history":[{"count":1,"href":"https:\/\/www.gospelinspiration.de\/index.php?rest_route=\/wp\/v2\/pages\/2840\/revisions"}],"predecessor-version":[{"id":2842,"href":"https:\/\/www.gospelinspiration.de\/index.php?rest_route=\/wp\/v2\/pages\/2840\/revisions\/2842"}],"wp:attachment":[{"href":"https:\/\/www.gospelinspiration.de\/index.php?rest_route=%2Fwp%2Fv2%2Fmedia&parent=2840"}],"curies":[{"name":"wp","href":"https:\/\/api.w.org\/{rel}","templated":true}]}}