{"id":17,"date":"2011-05-24T19:45:12","date_gmt":"2011-05-24T17:45:12","guid":{"rendered":"http:\/\/web143.016.netroom.de\/gospelinspiration\/?page_id=17"},"modified":"2024-12-22T16:29:40","modified_gmt":"2024-12-22T15:29:40","slug":"wer-wir-sind","status":"publish","type":"page","link":"https:\/\/www.gospelinspiration.de\/?page_id=17","title":{"rendered":"Wir sind &#8230;"},"content":{"rendered":"<p>&#8230; ein gemischter Chor von S\u00e4ngerinnen und S\u00e4ngern in jedem Alter, die Spa\u00df am Singen haben. Unsere Mitglieder kommen sowohl aus unserer eigenen Gemeinde als auch von weiter her. Wir singen Gospel, weil uns die beschwingte und rhythmische Art der Lobpreisung gef\u00e4llt.<\/p>\n<p>Die Idee zu diesem Chor entstand 1993 w\u00e4hrend einer Jugendfreizeit, der damalige Gemeindekantor Gustav Muthmann gr\u00fcndete dann 1994 den Gospelchor, der sich sp\u00e4ter den Namen &#8222;Gospel Inspiration&#8220; gab. 1998 kam \u00a0Astrid \u00a0Prange de Oliveira dazu, eine erfahrene S\u00e4ngerin, die Gustav Muthmann bei der Leitung unterst\u00fctzte und den Chor als Solos\u00e4ngerin bereichert. Von September 2010 bis August 2019 wurde &#8222;Gospel Inspiration&#8220; vom\u00a0 Gemeindekantor Eun Sup Jang geleitet, der mit viel Schwung und Begeisterung mit uns probte und uns auf dem Klavier begleitete. Unter seiner Leitung ist der Chor gewachsen, sowohl an Mitgliedern als auch an Qualit\u00e4t. Unsere j\u00e4hrlichen Konzerte waren &#8211; und sind &#8211; immer ein Highlight in unserer Gemeinde und dar\u00fcber hinaus.\u00a0 Von September 2019 bis Juni 2020 hat Yannick Noval vertretungsweise die Leitung unseres Chors \u00fcbernommen und seit Anfang 2021 ist die neue Kantorin der Gemeinde, Barbara D\u00fcnne, unsere Chorleiterin.<\/p>\n<p>Unsere Proben finden in der Regel donnerstags abends von 19:30 bis 21:00 Uhr im Paul-Gerhardt-Haus in Sankt Augustin-Niederpleis statt (siehe <a href=\"https:\/\/www.gospelinspiration.de\/?page_id=519\">Probentermine<\/a>). Wir singen nicht nur in den Gottesdiensten unserer Gemeinde, sondern auch in Nachbargemeinden, auf gr\u00f6\u00dferen und kleineren Festlichkeiten und auf Anfrage auch bei Hochzeiten, Taufen oder Jubil\u00e4en. Interessierte Mits\u00e4nger*innen sind herzlich willkommen, besonders im Bass und Tenor; die Mitgliedschaft ist kostenlos.<\/p>\n\n\n<p><\/p>\n","protected":false},"excerpt":{"rendered":"<p>&#8230; ein gemischter Chor von S\u00e4ngerinnen und S\u00e4ngern in jedem Alter, die Spa\u00df am Singen haben. Unsere Mitglieder kommen sowohl aus unserer eigenen Gemeinde als auch von weiter her. Wir singen Gospel, weil uns die beschwingte und rhythmische Art der &hellip; <a href=\"https:\/\/www.gospelinspiration.de\/?page_id=17\">Weiterlesen <span class=\"meta-nav\">&rarr;<\/span><\/a><\/p>\n","protected":false},"author":2,"featured_media":0,"parent":0,"menu_order":1,"comment_status":"open","ping_status":"closed","template":"","meta":{"footnotes":""},"class_list":["post-17","page","type-page","status-publish","hentry"],"_links":{"self":[{"href":"https:\/\/www.gospelinspiration.de\/index.php?rest_route=\/wp\/v2\/pages\/17","targetHints":{"allow":["GET"]}}],"collection":[{"href":"https:\/\/www.gospelinspiration.de\/index.php?rest_route=\/wp\/v2\/pages"}],"about":[{"href":"https:\/\/www.gospelinspiration.de\/index.php?rest_route=\/wp\/v2\/types\/page"}],"author":[{"embeddable":true,"href":"https:\/\/www.gospelinspiration.de\/index.php?rest_route=\/wp\/v2\/users\/2"}],"replies":[{"embeddable":true,"href":"https:\/\/www.gospelinspiration.de\/index.php?rest_route=%2Fwp%2Fv2%2Fcomments&post=17"}],"version-history":[{"count":102,"href":"https:\/\/www.gospelinspiration.de\/index.php?rest_route=\/wp\/v2\/pages\/17\/revisions"}],"predecessor-version":[{"id":3197,"href":"https:\/\/www.gospelinspiration.de\/index.php?rest_route=\/wp\/v2\/pages\/17\/revisions\/3197"}],"wp:attachment":[{"href":"https:\/\/www.gospelinspiration.de\/index.php?rest_route=%2Fwp%2Fv2%2Fmedia&parent=17"}],"curies":[{"name":"wp","href":"https:\/\/api.w.org\/{rel}","templated":true}]}}